{"id":2527,"date":"2016-12-23T07:20:38","date_gmt":"2016-12-23T07:20:38","guid":{"rendered":"http:\/\/worldsnests.net\/fr\/galeria\/"},"modified":"2020-09-14T16:34:22","modified_gmt":"2020-09-14T16:34:22","slug":"galerie","status":"publish","type":"page","link":"https:\/\/worldsnests.net\/fr\/galerie\/","title":{"rendered":"Galerie"},"content":{"rendered":"<p>[vc_row][vc_column][vc_empty_space height=\u00a0\u00bb75px\u00a0\u00bb el_class=\u00a0\u00bbgallerymobilesize\u00a0\u00bb][\/vc_column][\/vc_row][vc_row row_type=\u00a0\u00bbrow_full_center_content\u00a0\u00bb][vc_column el_class=\u00a0\u00bbcommon-pading-gallery-i about-info-box\u00a0\u00bb][vc_column_text]<\/p>\n<div class=\"sec-header\">\n<h2>Notre Galerie<\/h2>\n<h3>D\u00e9couvrez nos h\u00e9bergements et faites votre r\u00e9servation<\/h3>\n<\/div>\n<p>[\/vc_column_text][\/vc_column][\/vc_row][vc_row][vc_column][tmc_gallery_one layout=\u00a0\u00bbfilter\u00a0\u00bb column=\u00a0\u00bb3&Prime;][\/vc_column][\/vc_row][vc_row][vc_column][vc_empty_space height=\u00a0\u00bb75px\u00a0\u00bb el_class=\u00a0\u00bbgallerymobilesize\u00a0\u00bb][\/vc_column][\/vc_row]<\/p>\n","protected":false},"excerpt":{"rendered":"<p>[vc_row][vc_column][vc_empty_space height=\u00a0\u00bb75px\u00a0\u00bb el_class=\u00a0\u00bbgallerymobilesize\u00a0\u00bb][\/vc_column][\/vc_row][vc_row row_type=\u00a0\u00bbrow_full_center_content\u00a0\u00bb][vc_column el_class=\u00a0\u00bbcommon-pading-gallery-i about-info-box\u00a0\u00bb][vc_column_text] Notre Galerie D\u00e9couvrez nos h\u00e9bergements et faites votre r\u00e9servation [\/vc_column_text][\/vc_column][\/vc_row][vc_row][vc_column][tmc_gallery_one layout=\u00a0\u00bbfilter\u00a0\u00bb column=\u00a0\u00bb3&Prime;][\/vc_column][\/vc_row][vc_row][vc_column][vc_empty_space height=\u00a0\u00bb75px\u00a0\u00bb el_class=\u00a0\u00bbgallerymobilesize\u00a0\u00bb][\/vc_column][\/vc_row]<\/p>\n","protected":false},"author":1,"featured_media":2529,"parent":0,"menu_order":0,"comment_status":"closed","ping_status":"closed","template":"","meta":[],"yoast_head":"<!-- This site is optimized with the Yoast SEO plugin v17.4 - https:\/\/yoast.com\/wordpress\/plugins\/seo\/ -->\n<title>Galerie - World&#039;s Nests Furnas Pods Village - Photos<\/title>\n<meta name=\"description\" content=\"Galerie voir les photos de nos h\u00e9bergements et faire votre r\u00e9servation avec nous. Profitez des meilleurs sons de la nature et d\u00e9tendez-vous avec nous.\" \/>\n<meta name=\"robots\" content=\"index, follow, max-snippet:-1, max-image-preview:large, max-video-preview:-1\" \/>\n<meta property=\"og:locale\" content=\"fr_FR\" \/>\n<meta property=\"og:type\" content=\"article\" \/>\n<meta property=\"og:title\" content=\"Galerie - World&#039;s Nests Furnas Pods Village - Photos\" \/>\n<meta property=\"og:description\" content=\"Galerie voir les photos de nos h\u00e9bergements et faire votre r\u00e9servation avec nous. Profitez des meilleurs sons de la nature et d\u00e9tendez-vous avec nous.\" \/>\n<meta property=\"og:site_name\" content=\"World&#039;s Nests Furnas Pods Village\" \/>\n<meta property=\"article:modified_time\" content=\"2020-09-14T16:34:22+00:00\" \/>\n<meta property=\"og:image\" content=\"http:\/\/worldsnests.net\/wp-content\/uploads\/2017\/01\/img-0386.jpg\" \/>\n\t<meta property=\"og:image:width\" content=\"1620\" \/>\n\t<meta property=\"og:image:height\" content=\"1080\" \/>\n<meta name=\"twitter:card\" content=\"summary_large_image\" \/>\n<script type=\"application\/ld+json\" class=\"yoast-schema-graph\">{\"@context\":\"https:\/\/schema.org\",\"@graph\":[{\"@type\":\"WebSite\",\"@id\":\"https:\/\/worldsnests.net\/#website\",\"url\":\"https:\/\/worldsnests.net\/\",\"name\":\"World&#039;s Nests Furnas Pods Village\",\"description\":\"Alojamento Local nas Furnas, S\\u00e3o Miguel\",\"potentialAction\":[{\"@type\":\"SearchAction\",\"target\":{\"@type\":\"EntryPoint\",\"urlTemplate\":\"https:\/\/worldsnests.net\/?s={search_term_string}\"},\"query-input\":\"required name=search_term_string\"}],\"inLanguage\":\"fr-FR\"},{\"@type\":\"ImageObject\",\"@id\":\"#primaryimage\",\"inLanguage\":\"fr-FR\",\"url\":\"https:\/\/worldsnests.net\/wp-content\/uploads\/2017\/01\/img-0386.jpg\",\"contentUrl\":\"https:\/\/worldsnests.net\/wp-content\/uploads\/2017\/01\/img-0386.jpg\",\"width\":1620,\"height\":1080},{\"@type\":\"WebPage\",\"@id\":\"#webpage\",\"url\":null,\"name\":\"Galerie - World&#039;s Nests Furnas Pods Village - Photos\",\"isPartOf\":{\"@id\":\"https:\/\/worldsnests.net\/#website\"},\"primaryImageOfPage\":{\"@id\":\"#primaryimage\"},\"datePublished\":\"2016-12-23T07:20:38+00:00\",\"dateModified\":\"2020-09-14T16:34:22+00:00\",\"description\":\"Galerie voir les photos de nos h\\u00e9bergements et faire votre r\\u00e9servation avec nous. Profitez des meilleurs sons de la nature et d\\u00e9tendez-vous avec nous.\",\"breadcrumb\":{\"@id\":\"#breadcrumb\"},\"inLanguage\":\"fr-FR\",\"potentialAction\":[{\"@type\":\"ReadAction\",\"target\":[null]}]},{\"@type\":\"BreadcrumbList\",\"@id\":\"#breadcrumb\",\"itemListElement\":[{\"@type\":\"ListItem\",\"position\":1,\"name\":\"Home\"},{\"@type\":\"ListItem\",\"position\":2,\"name\":\"Galerie\"}]}]}<\/script>\n<!-- \/ Yoast SEO plugin. -->","yoast_head_json":{"title":"Galerie - World&#039;s Nests Furnas Pods Village - Photos","description":"Galerie voir les photos de nos h\u00e9bergements et faire votre r\u00e9servation avec nous. Profitez des meilleurs sons de la nature et d\u00e9tendez-vous avec nous.","robots":{"index":"index","follow":"follow","max-snippet":"max-snippet:-1","max-image-preview":"max-image-preview:large","max-video-preview":"max-video-preview:-1"},"og_locale":"fr_FR","og_type":"article","og_title":"Galerie - World&#039;s Nests Furnas Pods Village - Photos","og_description":"Galerie voir les photos de nos h\u00e9bergements et faire votre r\u00e9servation avec nous. Profitez des meilleurs sons de la nature et d\u00e9tendez-vous avec nous.","og_site_name":"World&#039;s Nests Furnas Pods Village","article_modified_time":"2020-09-14T16:34:22+00:00","og_image":[{"width":1620,"height":1080,"url":"http:\/\/worldsnests.net\/wp-content\/uploads\/2017\/01\/img-0386.jpg","type":"image\/jpeg"}],"twitter_card":"summary_large_image","schema":{"@context":"https:\/\/schema.org","@graph":[{"@type":"WebSite","@id":"https:\/\/worldsnests.net\/#website","url":"https:\/\/worldsnests.net\/","name":"World&#039;s Nests Furnas Pods Village","description":"Alojamento Local nas Furnas, S\u00e3o Miguel","potentialAction":[{"@type":"SearchAction","target":{"@type":"EntryPoint","urlTemplate":"https:\/\/worldsnests.net\/?s={search_term_string}"},"query-input":"required name=search_term_string"}],"inLanguage":"fr-FR"},{"@type":"ImageObject","@id":"#primaryimage","inLanguage":"fr-FR","url":"https:\/\/worldsnests.net\/wp-content\/uploads\/2017\/01\/img-0386.jpg","contentUrl":"https:\/\/worldsnests.net\/wp-content\/uploads\/2017\/01\/img-0386.jpg","width":1620,"height":1080},{"@type":"WebPage","@id":"#webpage","url":null,"name":"Galerie - World&#039;s Nests Furnas Pods Village - Photos","isPartOf":{"@id":"https:\/\/worldsnests.net\/#website"},"primaryImageOfPage":{"@id":"#primaryimage"},"datePublished":"2016-12-23T07:20:38+00:00","dateModified":"2020-09-14T16:34:22+00:00","description":"Galerie voir les photos de nos h\u00e9bergements et faire votre r\u00e9servation avec nous. Profitez des meilleurs sons de la nature et d\u00e9tendez-vous avec nous.","breadcrumb":{"@id":"#breadcrumb"},"inLanguage":"fr-FR","potentialAction":[{"@type":"ReadAction","target":[null]}]},{"@type":"BreadcrumbList","@id":"#breadcrumb","itemListElement":[{"@type":"ListItem","position":1,"name":"Home"},{"@type":"ListItem","position":2,"name":"Galerie"}]}]}},"_links":{"self":[{"href":"https:\/\/worldsnests.net\/fr\/wp-json\/wp\/v2\/pages\/2527"}],"collection":[{"href":"https:\/\/worldsnests.net\/fr\/wp-json\/wp\/v2\/pages"}],"about":[{"href":"https:\/\/worldsnests.net\/fr\/wp-json\/wp\/v2\/types\/page"}],"author":[{"embeddable":true,"href":"https:\/\/worldsnests.net\/fr\/wp-json\/wp\/v2\/users\/1"}],"replies":[{"embeddable":true,"href":"https:\/\/worldsnests.net\/fr\/wp-json\/wp\/v2\/comments?post=2527"}],"version-history":[{"count":1,"href":"https:\/\/worldsnests.net\/fr\/wp-json\/wp\/v2\/pages\/2527\/revisions"}],"predecessor-version":[{"id":2530,"href":"https:\/\/worldsnests.net\/fr\/wp-json\/wp\/v2\/pages\/2527\/revisions\/2530"}],"wp:featuredmedia":[{"embeddable":true,"href":"https:\/\/worldsnests.net\/fr\/wp-json\/wp\/v2\/media\/2529"}],"wp:attachment":[{"href":"https:\/\/worldsnests.net\/fr\/wp-json\/wp\/v2\/media?parent=2527"}],"curies":[{"name":"wp","href":"https:\/\/api.w.org\/{rel}","templated":true}]}}