{"id":2516,"date":"2020-08-27T14:04:22","date_gmt":"2020-08-27T14:04:22","guid":{"rendered":"http:\/\/worldsnests.net\/fr\/eventos\/"},"modified":"2020-09-23T16:38:55","modified_gmt":"2020-09-23T16:38:55","slug":"evenements","status":"publish","type":"page","link":"https:\/\/worldsnests.net\/fr\/evenements\/","title":{"rendered":"\u00c9v\u00e9nements"},"content":{"rendered":"<p>[vc_row full_width=\u00a0\u00bbstretch_row\u00a0\u00bb row_type=\u00a0\u00bbrow_full_center_content\u00a0\u00bb class=\u00a0\u00bbabout-info-box\u00a0\u00bb el_class=\u00a0\u00bbabout-us-padding-top about-info-box\u00a0\u00bb][vc_column width=\u00a0\u00bb1\/2&Prime; el_class=\u00a0\u00bbspecify-width-acc-responsive\u00a0\u00bb][vc_empty_space height=\u00a0\u00bb50px\u00a0\u00bb][vc_column_text]<\/p>\n<div class=\"sec-header3\">\n<h2>\u00c9v\u00e9nements<\/h2>\n<h3>Demandez-nous un devis.<\/h3>\n<\/div>\n<p>[\/vc_column_text][vc_column_text el_class=\u00a0\u00bbabout-info-box\u00a0\u00bb]World\u00b4s Nests Pods Furnas propose son espace pour l&rsquo;organisation d&rsquo;\u00e9v\u00e9nements (mariages, bapt\u00eames, anniversaires, d\u00eeners th\u00e9matiques, etc.).<\/p>\n<p>Pour plus d&rsquo;informations et r\u00e9servations, veuillez nous envoyer un e-mail \u00e0 info@worldsnests.net.<\/p>\n<div id='gallery-1' class='gallery galleryid-2516 gallery-columns-2 gallery-size-medium'><figure class='gallery-item'>\n\t\t\t<div class='gallery-icon landscape'>\n\t\t\t\t<a href='https:\/\/worldsnests.net\/wp-content\/uploads\/2020\/09\/89385321-147833793360615-1462218905798836224-n.jpg'><img width=\"300\" height=\"284\" src=\"https:\/\/worldsnests.net\/wp-content\/uploads\/2020\/09\/89385321-147833793360615-1462218905798836224-n-300x284.jpg\" class=\"attachment-medium size-medium\" alt=\"\" loading=\"lazy\" decoding=\"async\" \/><\/a>\n\t\t\t<\/div><\/figure><figure class='gallery-item'>\n\t\t\t<div class='gallery-icon landscape'>\n\t\t\t\t<a href='https:\/\/worldsnests.net\/wp-content\/uploads\/2020\/09\/88339881-147833836693944-5219624366999863296-n.jpg'><img width=\"300\" height=\"296\" src=\"https:\/\/worldsnests.net\/wp-content\/uploads\/2020\/09\/88339881-147833836693944-5219624366999863296-n-300x296.jpg\" class=\"attachment-medium size-medium\" alt=\"\" loading=\"lazy\" srcset=\"https:\/\/worldsnests.net\/wp-content\/uploads\/2020\/09\/88339881-147833836693944-5219624366999863296-n-300x296.jpg 300w, https:\/\/worldsnests.net\/wp-content\/uploads\/2020\/09\/88339881-147833836693944-5219624366999863296-n-50x50.jpg 50w\" sizes=\"(max-width: 300px) 100vw, 300px\" decoding=\"async\" \/><\/a>\n\t\t\t<\/div><\/figure>\n\t\t<\/div>\n\n<p>[\/vc_column_text][\/vc_column][vc_column width=\u00a0\u00bb1\/2&Prime;][vc_empty_space height=\u00a0\u00bb50px\u00a0\u00bb][vc_single_image image=\u00a0\u00bb2300&Prime; img_size=\u00a0\u00bblarge\u00a0\u00bb][vc_empty_space height=\u00a0\u00bb50px\u00a0\u00bb][\/vc_column][\/vc_row][vc_row][vc_column][vc_empty_space height=\u00a0\u00bb0px\u00a0\u00bb el_class=\u00a0\u00bbroommobilesize\u00a0\u00bb][\/vc_column][\/vc_row]<\/p>\n","protected":false},"excerpt":{"rendered":"<p>[vc_row full_width=\u00a0\u00bbstretch_row\u00a0\u00bb row_type=\u00a0\u00bbrow_full_center_content\u00a0\u00bb class=\u00a0\u00bbabout-info-box\u00a0\u00bb el_class=\u00a0\u00bbabout-us-padding-top about-info-box\u00a0\u00bb][vc_column width=\u00a0\u00bb1\/2&Prime; el_class=\u00a0\u00bbspecify-width-acc-responsive\u00a0\u00bb][vc_empty_space height=\u00a0\u00bb50px\u00a0\u00bb][vc_column_text] \u00c9v\u00e9nements Demandez-nous un devis. [\/vc_column_text][vc_column_text el_class=\u00a0\u00bbabout-info-box\u00a0\u00bb]World\u00b4s Nests Pods Furnas propose son espace pour l&rsquo;organisation d&rsquo;\u00e9v\u00e9nements (mariages, bapt\u00eames, anniversaires, d\u00eeners th\u00e9matiques, etc.). Pour plus d&rsquo;informations et r\u00e9servations, veuillez nous envoyer un e-mail \u00e0 info@worldsnests.net. [\/vc_column_text][\/vc_column][vc_column width=\u00a0\u00bb1\/2&Prime;][vc_empty_space height=\u00a0\u00bb50px\u00a0\u00bb][vc_single_image image=\u00a0\u00bb2300&Prime; img_size=\u00a0\u00bblarge\u00a0\u00bb][vc_empty_space height=\u00a0\u00bb50px\u00a0\u00bb][\/vc_column][\/vc_row][vc_row][vc_column][vc_empty_space height=\u00a0\u00bb0px\u00a0\u00bb el_class=\u00a0\u00bbroommobilesize\u00a0\u00bb][\/vc_column][\/vc_row]<\/p>\n","protected":false},"author":2,"featured_media":2523,"parent":0,"menu_order":0,"comment_status":"closed","ping_status":"closed","template":"","meta":[],"yoast_head":"<!-- This site is optimized with the Yoast SEO plugin v17.4 - https:\/\/yoast.com\/wordpress\/plugins\/seo\/ -->\n<title>\u00c9v\u00e9nements - World&#039;s Nests Furnas Pods Village<\/title>\n<meta name=\"description\" content=\"\u00c9v\u00e9nements:World\u00b4s Nests Pods Furnas propose son espace pour l&#039;organisation d&#039;\u00e9v\u00e9nements (mariages, bapt\u00eames, anniversaires, d\u00eeners th\u00e9matiques, etc.).\" \/>\n<meta name=\"robots\" content=\"index, follow, max-snippet:-1, max-image-preview:large, max-video-preview:-1\" \/>\n<meta property=\"og:locale\" content=\"fr_FR\" \/>\n<meta property=\"og:type\" content=\"article\" \/>\n<meta property=\"og:title\" content=\"\u00c9v\u00e9nements - World&#039;s Nests Furnas Pods Village\" \/>\n<meta property=\"og:description\" content=\"\u00c9v\u00e9nements:World\u00b4s Nests Pods Furnas propose son espace pour l&#039;organisation d&#039;\u00e9v\u00e9nements (mariages, bapt\u00eames, anniversaires, d\u00eeners th\u00e9matiques, etc.).\" \/>\n<meta property=\"og:site_name\" content=\"World&#039;s Nests Furnas Pods Village\" \/>\n<meta property=\"article:modified_time\" content=\"2020-09-23T16:38:55+00:00\" \/>\n<meta property=\"og:image\" content=\"http:\/\/worldsnests.net\/wp-content\/uploads\/2020\/08\/1051-1-scaled.jpg\" \/>\n\t<meta property=\"og:image:width\" content=\"2560\" \/>\n\t<meta property=\"og:image:height\" content=\"1707\" \/>\n<meta name=\"twitter:card\" content=\"summary_large_image\" \/>\n<meta name=\"twitter:label1\" content=\"Est. reading time\" \/>\n\t<meta name=\"twitter:data1\" content=\"1 minute\" \/>\n<script type=\"application\/ld+json\" class=\"yoast-schema-graph\">{\"@context\":\"https:\/\/schema.org\",\"@graph\":[{\"@type\":\"WebSite\",\"@id\":\"https:\/\/worldsnests.net\/#website\",\"url\":\"https:\/\/worldsnests.net\/\",\"name\":\"World&#039;s Nests Furnas Pods Village\",\"description\":\"Alojamento Local nas Furnas, S\\u00e3o Miguel\",\"potentialAction\":[{\"@type\":\"SearchAction\",\"target\":{\"@type\":\"EntryPoint\",\"urlTemplate\":\"https:\/\/worldsnests.net\/?s={search_term_string}\"},\"query-input\":\"required name=search_term_string\"}],\"inLanguage\":\"fr-FR\"},{\"@type\":\"ImageObject\",\"@id\":\"#primaryimage\",\"inLanguage\":\"fr-FR\",\"url\":\"https:\/\/worldsnests.net\/wp-content\/uploads\/2020\/08\/1051-1-scaled.jpg\",\"contentUrl\":\"https:\/\/worldsnests.net\/wp-content\/uploads\/2020\/08\/1051-1-scaled.jpg\",\"width\":2560,\"height\":1707,\"caption\":\"Hands of people with glasses of champagne or wine, celebrating and toasting in honor of the wedding or other celebration.\"},{\"@type\":\"WebPage\",\"@id\":\"#webpage\",\"url\":null,\"name\":\"\\u00c9v\\u00e9nements - World&#039;s Nests Furnas Pods Village\",\"isPartOf\":{\"@id\":\"https:\/\/worldsnests.net\/#website\"},\"primaryImageOfPage\":{\"@id\":\"#primaryimage\"},\"datePublished\":\"2020-08-27T14:04:22+00:00\",\"dateModified\":\"2020-09-23T16:38:55+00:00\",\"description\":\"\\u00c9v\\u00e9nements:World\\u00b4s Nests Pods Furnas propose son espace pour l'organisation d'\\u00e9v\\u00e9nements (mariages, bapt\\u00eames, anniversaires, d\\u00eeners th\\u00e9matiques, etc.).\",\"breadcrumb\":{\"@id\":\"#breadcrumb\"},\"inLanguage\":\"fr-FR\",\"potentialAction\":[{\"@type\":\"ReadAction\",\"target\":[null]}]},{\"@type\":\"BreadcrumbList\",\"@id\":\"#breadcrumb\",\"itemListElement\":[{\"@type\":\"ListItem\",\"position\":1,\"name\":\"Home\"},{\"@type\":\"ListItem\",\"position\":2,\"name\":\"\\u00c9v\\u00e9nements\"}]}]}<\/script>\n<!-- \/ Yoast SEO plugin. -->","yoast_head_json":{"title":"\u00c9v\u00e9nements - World&#039;s Nests Furnas Pods Village","description":"\u00c9v\u00e9nements:World\u00b4s Nests Pods Furnas propose son espace pour l'organisation d'\u00e9v\u00e9nements (mariages, bapt\u00eames, anniversaires, d\u00eeners th\u00e9matiques, etc.).","robots":{"index":"index","follow":"follow","max-snippet":"max-snippet:-1","max-image-preview":"max-image-preview:large","max-video-preview":"max-video-preview:-1"},"og_locale":"fr_FR","og_type":"article","og_title":"\u00c9v\u00e9nements - World&#039;s Nests Furnas Pods Village","og_description":"\u00c9v\u00e9nements:World\u00b4s Nests Pods Furnas propose son espace pour l'organisation d'\u00e9v\u00e9nements (mariages, bapt\u00eames, anniversaires, d\u00eeners th\u00e9matiques, etc.).","og_site_name":"World&#039;s Nests Furnas Pods Village","article_modified_time":"2020-09-23T16:38:55+00:00","og_image":[{"width":2560,"height":1707,"url":"http:\/\/worldsnests.net\/wp-content\/uploads\/2020\/08\/1051-1-scaled.jpg","type":"image\/jpeg"}],"twitter_card":"summary_large_image","twitter_misc":{"Est. reading time":"1 minute"},"schema":{"@context":"https:\/\/schema.org","@graph":[{"@type":"WebSite","@id":"https:\/\/worldsnests.net\/#website","url":"https:\/\/worldsnests.net\/","name":"World&#039;s Nests Furnas Pods Village","description":"Alojamento Local nas Furnas, S\u00e3o Miguel","potentialAction":[{"@type":"SearchAction","target":{"@type":"EntryPoint","urlTemplate":"https:\/\/worldsnests.net\/?s={search_term_string}"},"query-input":"required name=search_term_string"}],"inLanguage":"fr-FR"},{"@type":"ImageObject","@id":"#primaryimage","inLanguage":"fr-FR","url":"https:\/\/worldsnests.net\/wp-content\/uploads\/2020\/08\/1051-1-scaled.jpg","contentUrl":"https:\/\/worldsnests.net\/wp-content\/uploads\/2020\/08\/1051-1-scaled.jpg","width":2560,"height":1707,"caption":"Hands of people with glasses of champagne or wine, celebrating and toasting in honor of the wedding or other celebration."},{"@type":"WebPage","@id":"#webpage","url":null,"name":"\u00c9v\u00e9nements - World&#039;s Nests Furnas Pods Village","isPartOf":{"@id":"https:\/\/worldsnests.net\/#website"},"primaryImageOfPage":{"@id":"#primaryimage"},"datePublished":"2020-08-27T14:04:22+00:00","dateModified":"2020-09-23T16:38:55+00:00","description":"\u00c9v\u00e9nements:World\u00b4s Nests Pods Furnas propose son espace pour l'organisation d'\u00e9v\u00e9nements (mariages, bapt\u00eames, anniversaires, d\u00eeners th\u00e9matiques, etc.).","breadcrumb":{"@id":"#breadcrumb"},"inLanguage":"fr-FR","potentialAction":[{"@type":"ReadAction","target":[null]}]},{"@type":"BreadcrumbList","@id":"#breadcrumb","itemListElement":[{"@type":"ListItem","position":1,"name":"Home"},{"@type":"ListItem","position":2,"name":"\u00c9v\u00e9nements"}]}]}},"_links":{"self":[{"href":"https:\/\/worldsnests.net\/fr\/wp-json\/wp\/v2\/pages\/2516"}],"collection":[{"href":"https:\/\/worldsnests.net\/fr\/wp-json\/wp\/v2\/pages"}],"about":[{"href":"https:\/\/worldsnests.net\/fr\/wp-json\/wp\/v2\/types\/page"}],"author":[{"embeddable":true,"href":"https:\/\/worldsnests.net\/fr\/wp-json\/wp\/v2\/users\/2"}],"replies":[{"embeddable":true,"href":"https:\/\/worldsnests.net\/fr\/wp-json\/wp\/v2\/comments?post=2516"}],"version-history":[{"count":4,"href":"https:\/\/worldsnests.net\/fr\/wp-json\/wp\/v2\/pages\/2516\/revisions"}],"predecessor-version":[{"id":2896,"href":"https:\/\/worldsnests.net\/fr\/wp-json\/wp\/v2\/pages\/2516\/revisions\/2896"}],"wp:featuredmedia":[{"embeddable":true,"href":"https:\/\/worldsnests.net\/fr\/wp-json\/wp\/v2\/media\/2523"}],"wp:attachment":[{"href":"https:\/\/worldsnests.net\/fr\/wp-json\/wp\/v2\/media?parent=2516"}],"curies":[{"name":"wp","href":"https:\/\/api.w.org\/{rel}","templated":true}]}}