{"id":2504,"date":"2019-09-19T17:21:18","date_gmt":"2019-09-19T17:21:18","guid":{"rendered":"http:\/\/worldsnests.net\/fr\/alojamentos\/"},"modified":"2020-09-14T16:25:07","modified_gmt":"2020-09-14T16:25:07","slug":"logements","status":"publish","type":"page","link":"https:\/\/worldsnests.net\/fr\/logements\/","title":{"rendered":"Logements"},"content":{"rendered":"<p>[vc_row][vc_column][vc_empty_space height=\u00a0\u00bb0px\u00a0\u00bb el_class=\u00a0\u00bbelements_space\u00a0\u00bb][\/vc_column][vc_column][vc_column_text]<\/p>\n<div class=\"sec-header sec-header-pad\">\n<h2>Logements<\/h2>\n<h3>Nos Logements<\/h3>\n<\/div>\n<p>[\/vc_column_text][vc_empty_space height=\u00a0\u00bb1px\u00a0\u00bb][\/vc_column][vc_column][tmc_rooms number=\u00a0\u00bb4&Prime; layout=\u00a0\u00bbcarousel\u00a0\u00bb price=\u00a0\u00bbhide\u00a0\u00bb column=\u00a0\u00bb4&Prime;][vc_empty_space height=\u00a0\u00bb75px\u00a0\u00bb][\/vc_column][\/vc_row]<\/p>\n","protected":false},"excerpt":{"rendered":"<p>[vc_row][vc_column][vc_empty_space height=\u00a0\u00bb0px\u00a0\u00bb el_class=\u00a0\u00bbelements_space\u00a0\u00bb][\/vc_column][vc_column][vc_column_text] Logements Nos Logements [\/vc_column_text][vc_empty_space height=\u00a0\u00bb1px\u00a0\u00bb][\/vc_column][vc_column][tmc_rooms number=\u00a0\u00bb4&Prime; layout=\u00a0\u00bbcarousel\u00a0\u00bb price=\u00a0\u00bbhide\u00a0\u00bb column=\u00a0\u00bb4&Prime;][vc_empty_space height=\u00a0\u00bb75px\u00a0\u00bb][\/vc_column][\/vc_row]<\/p>\n","protected":false},"author":1,"featured_media":2505,"parent":0,"menu_order":0,"comment_status":"closed","ping_status":"closed","template":"","meta":[],"yoast_head":"<!-- This site is optimized with the Yoast SEO plugin v17.4 - https:\/\/yoast.com\/wordpress\/plugins\/seo\/ -->\n<title>Logements - Ninhos - World&#039;s Nests Furnas Pods Village<\/title>\n<meta name=\"description\" content=\"Logements: venez voir nos nids enti\u00e8rement \u00e9quip\u00e9s et d&#039;une capacit\u00e9 de 4 personnes. Faites votre r\u00e9servation maintenant et profitez des meilleurs moments\" \/>\n<meta name=\"robots\" content=\"index, follow, max-snippet:-1, max-image-preview:large, max-video-preview:-1\" \/>\n<meta property=\"og:locale\" content=\"fr_FR\" \/>\n<meta property=\"og:type\" content=\"article\" \/>\n<meta property=\"og:title\" content=\"Logements - Ninhos - World&#039;s Nests Furnas Pods Village\" \/>\n<meta property=\"og:description\" content=\"Logements: venez voir nos nids enti\u00e8rement \u00e9quip\u00e9s et d&#039;une capacit\u00e9 de 4 personnes. Faites votre r\u00e9servation maintenant et profitez des meilleurs moments\" \/>\n<meta property=\"og:site_name\" content=\"World&#039;s Nests Furnas Pods Village\" \/>\n<meta property=\"article:modified_time\" content=\"2020-09-14T16:25:07+00:00\" \/>\n<meta property=\"og:image\" content=\"http:\/\/worldsnests.net\/wp-content\/uploads\/2019\/09\/header-accomodations.jpg\" \/>\n\t<meta property=\"og:image:width\" content=\"1662\" \/>\n\t<meta property=\"og:image:height\" content=\"243\" \/>\n<meta name=\"twitter:card\" content=\"summary_large_image\" \/>\n<script type=\"application\/ld+json\" class=\"yoast-schema-graph\">{\"@context\":\"https:\/\/schema.org\",\"@graph\":[{\"@type\":\"WebSite\",\"@id\":\"https:\/\/worldsnests.net\/#website\",\"url\":\"https:\/\/worldsnests.net\/\",\"name\":\"World&#039;s Nests Furnas Pods Village\",\"description\":\"Alojamento Local nas Furnas, S\\u00e3o Miguel\",\"potentialAction\":[{\"@type\":\"SearchAction\",\"target\":{\"@type\":\"EntryPoint\",\"urlTemplate\":\"https:\/\/worldsnests.net\/?s={search_term_string}\"},\"query-input\":\"required name=search_term_string\"}],\"inLanguage\":\"fr-FR\"},{\"@type\":\"ImageObject\",\"@id\":\"#primaryimage\",\"inLanguage\":\"fr-FR\",\"url\":\"https:\/\/worldsnests.net\/wp-content\/uploads\/2019\/09\/header-accomodations.jpg\",\"contentUrl\":\"https:\/\/worldsnests.net\/wp-content\/uploads\/2019\/09\/header-accomodations.jpg\",\"width\":1662,\"height\":243},{\"@type\":\"WebPage\",\"@id\":\"#webpage\",\"url\":null,\"name\":\"Logements - Ninhos - World&#039;s Nests Furnas Pods Village\",\"isPartOf\":{\"@id\":\"https:\/\/worldsnests.net\/#website\"},\"primaryImageOfPage\":{\"@id\":\"#primaryimage\"},\"datePublished\":\"2019-09-19T17:21:18+00:00\",\"dateModified\":\"2020-09-14T16:25:07+00:00\",\"description\":\"Logements: venez voir nos nids enti\\u00e8rement \\u00e9quip\\u00e9s et d'une capacit\\u00e9 de 4 personnes. Faites votre r\\u00e9servation maintenant et profitez des meilleurs moments\",\"breadcrumb\":{\"@id\":\"#breadcrumb\"},\"inLanguage\":\"fr-FR\",\"potentialAction\":[{\"@type\":\"ReadAction\",\"target\":[null]}]},{\"@type\":\"BreadcrumbList\",\"@id\":\"#breadcrumb\",\"itemListElement\":[{\"@type\":\"ListItem\",\"position\":1,\"name\":\"Home\"},{\"@type\":\"ListItem\",\"position\":2,\"name\":\"Logements\"}]}]}<\/script>\n<!-- \/ Yoast SEO plugin. -->","yoast_head_json":{"title":"Logements - Ninhos - World&#039;s Nests Furnas Pods Village","description":"Logements: venez voir nos nids enti\u00e8rement \u00e9quip\u00e9s et d'une capacit\u00e9 de 4 personnes. Faites votre r\u00e9servation maintenant et profitez des meilleurs moments","robots":{"index":"index","follow":"follow","max-snippet":"max-snippet:-1","max-image-preview":"max-image-preview:large","max-video-preview":"max-video-preview:-1"},"og_locale":"fr_FR","og_type":"article","og_title":"Logements - Ninhos - World&#039;s Nests Furnas Pods Village","og_description":"Logements: venez voir nos nids enti\u00e8rement \u00e9quip\u00e9s et d'une capacit\u00e9 de 4 personnes. Faites votre r\u00e9servation maintenant et profitez des meilleurs moments","og_site_name":"World&#039;s Nests Furnas Pods Village","article_modified_time":"2020-09-14T16:25:07+00:00","og_image":[{"width":1662,"height":243,"url":"http:\/\/worldsnests.net\/wp-content\/uploads\/2019\/09\/header-accomodations.jpg","type":"image\/jpeg"}],"twitter_card":"summary_large_image","schema":{"@context":"https:\/\/schema.org","@graph":[{"@type":"WebSite","@id":"https:\/\/worldsnests.net\/#website","url":"https:\/\/worldsnests.net\/","name":"World&#039;s Nests Furnas Pods Village","description":"Alojamento Local nas Furnas, S\u00e3o Miguel","potentialAction":[{"@type":"SearchAction","target":{"@type":"EntryPoint","urlTemplate":"https:\/\/worldsnests.net\/?s={search_term_string}"},"query-input":"required name=search_term_string"}],"inLanguage":"fr-FR"},{"@type":"ImageObject","@id":"#primaryimage","inLanguage":"fr-FR","url":"https:\/\/worldsnests.net\/wp-content\/uploads\/2019\/09\/header-accomodations.jpg","contentUrl":"https:\/\/worldsnests.net\/wp-content\/uploads\/2019\/09\/header-accomodations.jpg","width":1662,"height":243},{"@type":"WebPage","@id":"#webpage","url":null,"name":"Logements - Ninhos - World&#039;s Nests Furnas Pods Village","isPartOf":{"@id":"https:\/\/worldsnests.net\/#website"},"primaryImageOfPage":{"@id":"#primaryimage"},"datePublished":"2019-09-19T17:21:18+00:00","dateModified":"2020-09-14T16:25:07+00:00","description":"Logements: venez voir nos nids enti\u00e8rement \u00e9quip\u00e9s et d'une capacit\u00e9 de 4 personnes. Faites votre r\u00e9servation maintenant et profitez des meilleurs moments","breadcrumb":{"@id":"#breadcrumb"},"inLanguage":"fr-FR","potentialAction":[{"@type":"ReadAction","target":[null]}]},{"@type":"BreadcrumbList","@id":"#breadcrumb","itemListElement":[{"@type":"ListItem","position":1,"name":"Home"},{"@type":"ListItem","position":2,"name":"Logements"}]}]}},"_links":{"self":[{"href":"https:\/\/worldsnests.net\/fr\/wp-json\/wp\/v2\/pages\/2504"}],"collection":[{"href":"https:\/\/worldsnests.net\/fr\/wp-json\/wp\/v2\/pages"}],"about":[{"href":"https:\/\/worldsnests.net\/fr\/wp-json\/wp\/v2\/types\/page"}],"author":[{"embeddable":true,"href":"https:\/\/worldsnests.net\/fr\/wp-json\/wp\/v2\/users\/1"}],"replies":[{"embeddable":true,"href":"https:\/\/worldsnests.net\/fr\/wp-json\/wp\/v2\/comments?post=2504"}],"version-history":[{"count":2,"href":"https:\/\/worldsnests.net\/fr\/wp-json\/wp\/v2\/pages\/2504\/revisions"}],"predecessor-version":[{"id":2614,"href":"https:\/\/worldsnests.net\/fr\/wp-json\/wp\/v2\/pages\/2504\/revisions\/2614"}],"wp:featuredmedia":[{"embeddable":true,"href":"https:\/\/worldsnests.net\/fr\/wp-json\/wp\/v2\/media\/2505"}],"wp:attachment":[{"href":"https:\/\/worldsnests.net\/fr\/wp-json\/wp\/v2\/media?parent=2504"}],"curies":[{"name":"wp","href":"https:\/\/api.w.org\/{rel}","templated":true}]}}